{"id":318,"date":"2026-02-20T16:09:30","date_gmt":"2026-02-20T15:09:30","guid":{"rendered":"https:\/\/kleinstadtfaktor.de\/shop\/?post_type=product&#038;p=318"},"modified":"2026-02-20T16:21:00","modified_gmt":"2026-02-20T15:21:00","slug":"postkartenset-mokka-ohne-macker","status":"publish","type":"product","link":"https:\/\/kleinstadtfaktor.de\/shop\/produkt\/postkartenset-mokka-ohne-macker\/","title":{"rendered":"Postkartenset &#8222;mokka ohne macker&#8220;"},"content":{"rendered":"<p>Mokka ohne Macker! So, mag ich meinen Kaffee am liebsten \ud83d\ude09<\/p>\n<p>Klare Kante am K\u00fchlschrank, als Tr\u00e4ger f\u00fcr herzliche Gru\u00dfworte oder tats\u00e4chlich als Postkarte im klassischen Sinn &#8230; mit meinen Karten kommt ihr gut an und zeigt Haltung.<\/p>\n<p>Das Kartenset kommt mit allen drei Motiven, gedruckt auf stabilem 350g-Karton zu Dir \u2013 selbstverst\u00e4ndlich PEFC zertifiziert.<\/p>\n","protected":false},"excerpt":{"rendered":"<p>Mokka ohne Macker! So, mag ich meinen Kaffee am liebsten \ud83d\ude09<\/p>\n","protected":false},"featured_media":319,"comment_status":"open","ping_status":"closed","template":"","meta":[],"product_brand":[],"product_cat":[24,18],"product_tag":[],"class_list":{"0":"post-318","1":"product","2":"type-product","3":"status-publish","4":"has-post-thumbnail","6":"product_cat-karten","7":"product_cat-print","9":"first","10":"instock","11":"shipping-taxable","12":"purchasable","13":"product-type-simple"},"_links":{"self":[{"href":"https:\/\/kleinstadtfaktor.de\/shop\/wp-json\/wp\/v2\/product\/318","targetHints":{"allow":["GET"]}}],"collection":[{"href":"https:\/\/kleinstadtfaktor.de\/shop\/wp-json\/wp\/v2\/product"}],"about":[{"href":"https:\/\/kleinstadtfaktor.de\/shop\/wp-json\/wp\/v2\/types\/product"}],"replies":[{"embeddable":true,"href":"https:\/\/kleinstadtfaktor.de\/shop\/wp-json\/wp\/v2\/comments?post=318"}],"wp:featuredmedia":[{"embeddable":true,"href":"https:\/\/kleinstadtfaktor.de\/shop\/wp-json\/wp\/v2\/media\/319"}],"wp:attachment":[{"href":"https:\/\/kleinstadtfaktor.de\/shop\/wp-json\/wp\/v2\/media?parent=318"}],"wp:term":[{"taxonomy":"product_brand","embeddable":true,"href":"https:\/\/kleinstadtfaktor.de\/shop\/wp-json\/wp\/v2\/product_brand?post=318"},{"taxonomy":"product_cat","embeddable":true,"href":"https:\/\/kleinstadtfaktor.de\/shop\/wp-json\/wp\/v2\/product_cat?post=318"},{"taxonomy":"product_tag","embeddable":true,"href":"https:\/\/kleinstadtfaktor.de\/shop\/wp-json\/wp\/v2\/product_tag?post=318"}],"curies":[{"name":"wp","href":"https:\/\/api.w.org\/{rel}","templated":true}]}}