{"id":280,"date":"2026-01-09T11:48:07","date_gmt":"2026-01-09T10:48:07","guid":{"rendered":"https:\/\/kleinstadtfaktor.de\/shop\/?post_type=product&#038;p=280"},"modified":"2026-01-29T19:18:42","modified_gmt":"2026-01-29T18:18:42","slug":"print-dance-the-shit","status":"publish","type":"product","link":"https:\/\/kleinstadtfaktor.de\/shop\/produkt\/print-dance-the-shit\/","title":{"rendered":"PRINT &#8222;DANCE THE SHIT OUT OF IT&#8220;"},"content":{"rendered":"<p>Manchmal braucht es nur eine Sache, um den Kopf freizubekommen: die Tanzfl\u00e4che. Egal, ob im Keller bei Stroboskop und Nebel, beim Konzert barfu\u00df vor der B\u00fchne oder einfach allein im Wohnzimmer \u2013 Tanzen l\u00e4sst uns den ganzen Mist vergessen. Es ist Befreiung, Bewegung und Medikation in einem. Und nebenbei h\u00e4lt es sogar noch fit.<br \/>\nAlso, Friendos: DANCE THE SHIT OUT OF IT!<\/p>\n<p>Nach der grundlegenden Gestaltung erh\u00e4lt jedes meiner Motive noch seinen ganz individuellen Touch. Dabei versuche ich, so nah wie m\u00f6glich an klassische Drucktechniken wie Risographie, Siebdruck oder Letterpress heranzukommen. Immerhin kauft ihr hier ganz analoge Drucke und keine digitalen Bildchen.<\/p>\n<h5>Material &amp; Details:<\/h5>\n<ul>\n<li>Keine KI. Ausschlie\u00dflich Design mit Herz und Hand<\/li>\n<li>alle Poster und Karten werden regional in Deutschland gedruckt<\/li>\n<li>hochwertiger Digitaldruck<\/li>\n<li>Papiergewicht mindestens 200 g\/m\u00b2<\/li>\n<li>FSC-zertifizierte Papiere<\/li>\n<\/ul>\n","protected":false},"excerpt":{"rendered":"<p>Manchmal braucht es garnicht viel um den Kopf mal wieder freizubekommen. Egal, ob im Keller bei Stroboskop und Nebel, beim Konzert barfu\u00df vor der B\u00fchne oder mit Kopfh\u00f6rern im Wohnzimmer \u2013 Tanzen ist Befreiung, Bewegung und Medikation in einem. Also, Friendos: DANCE THE SHIT OUT OF IT!<\/p>\n","protected":false},"featured_media":285,"comment_status":"open","ping_status":"closed","template":"","meta":[],"product_brand":[],"product_cat":[19,18],"product_tag":[],"class_list":{"0":"post-280","1":"product","2":"type-product","3":"status-publish","4":"has-post-thumbnail","6":"product_cat-poster","7":"product_cat-print","9":"first","10":"instock","11":"shipping-taxable","12":"purchasable","13":"product-type-variable"},"_links":{"self":[{"href":"https:\/\/kleinstadtfaktor.de\/shop\/wp-json\/wp\/v2\/product\/280","targetHints":{"allow":["GET"]}}],"collection":[{"href":"https:\/\/kleinstadtfaktor.de\/shop\/wp-json\/wp\/v2\/product"}],"about":[{"href":"https:\/\/kleinstadtfaktor.de\/shop\/wp-json\/wp\/v2\/types\/product"}],"replies":[{"embeddable":true,"href":"https:\/\/kleinstadtfaktor.de\/shop\/wp-json\/wp\/v2\/comments?post=280"}],"wp:featuredmedia":[{"embeddable":true,"href":"https:\/\/kleinstadtfaktor.de\/shop\/wp-json\/wp\/v2\/media\/285"}],"wp:attachment":[{"href":"https:\/\/kleinstadtfaktor.de\/shop\/wp-json\/wp\/v2\/media?parent=280"}],"wp:term":[{"taxonomy":"product_brand","embeddable":true,"href":"https:\/\/kleinstadtfaktor.de\/shop\/wp-json\/wp\/v2\/product_brand?post=280"},{"taxonomy":"product_cat","embeddable":true,"href":"https:\/\/kleinstadtfaktor.de\/shop\/wp-json\/wp\/v2\/product_cat?post=280"},{"taxonomy":"product_tag","embeddable":true,"href":"https:\/\/kleinstadtfaktor.de\/shop\/wp-json\/wp\/v2\/product_tag?post=280"}],"curies":[{"name":"wp","href":"https:\/\/api.w.org\/{rel}","templated":true}]}}