{"id":133,"date":"2025-09-23T11:46:21","date_gmt":"2025-09-23T09:46:21","guid":{"rendered":"https:\/\/kleinstadtfaktor.de\/shop\/?post_type=product&#038;p=133"},"modified":"2025-12-11T16:48:58","modified_gmt":"2025-12-11T15:48:58","slug":"postkartenset-aggressiv-positiv","status":"publish","type":"product","link":"https:\/\/kleinstadtfaktor.de\/shop\/produkt\/postkartenset-aggressiv-positiv\/","title":{"rendered":"Postkartenset &#8222;Aggressiv positiv!&#8220;"},"content":{"rendered":"<p>Egal ob K\u00fchlschrank oder Postwurfsendung \u2013 mit dem Kartenset aus der &#8222;aggressiv positiv&#8220;-Reihe gibst Du immer stabile Statements ab.<\/p>\n<p>Die Karten kommen nicht nur mit einer stabilen Botschaft sondern auch auf stabilem Karton (300g\/qm) gedruckt.<\/p>\n<p>Wer es gerne gr\u00f6\u00dfer h\u00e4tte \u2013 alle Motive aus der &#8222;aggressiv positiv&#8220;-Reihe gibt es auch als A3 und A2 Prints.<\/p>\n","protected":false},"excerpt":{"rendered":"<p>Egal ob K\u00fchlschrank oder Postwurfsendung \u2013 mit dem Kartenset aus der &#8222;aggressiv positiv&#8220;-Reihe gibst Du immer stabile Statements ab.<\/p>\n","protected":false},"featured_media":134,"comment_status":"open","ping_status":"closed","template":"","meta":[],"product_brand":[],"product_cat":[24,18],"product_tag":[27,25,21,28,26,29],"class_list":{"0":"post-133","1":"product","2":"type-product","3":"status-publish","4":"has-post-thumbnail","6":"product_cat-karten","7":"product_cat-print","8":"product_tag-aggressiv","9":"product_tag-aggressivpositiv","10":"product_tag-alerta","11":"product_tag-karten","12":"product_tag-positiv","13":"product_tag-print","15":"first","16":"instock","17":"shipping-taxable","18":"purchasable","19":"product-type-simple"},"_links":{"self":[{"href":"https:\/\/kleinstadtfaktor.de\/shop\/wp-json\/wp\/v2\/product\/133","targetHints":{"allow":["GET"]}}],"collection":[{"href":"https:\/\/kleinstadtfaktor.de\/shop\/wp-json\/wp\/v2\/product"}],"about":[{"href":"https:\/\/kleinstadtfaktor.de\/shop\/wp-json\/wp\/v2\/types\/product"}],"replies":[{"embeddable":true,"href":"https:\/\/kleinstadtfaktor.de\/shop\/wp-json\/wp\/v2\/comments?post=133"}],"wp:featuredmedia":[{"embeddable":true,"href":"https:\/\/kleinstadtfaktor.de\/shop\/wp-json\/wp\/v2\/media\/134"}],"wp:attachment":[{"href":"https:\/\/kleinstadtfaktor.de\/shop\/wp-json\/wp\/v2\/media?parent=133"}],"wp:term":[{"taxonomy":"product_brand","embeddable":true,"href":"https:\/\/kleinstadtfaktor.de\/shop\/wp-json\/wp\/v2\/product_brand?post=133"},{"taxonomy":"product_cat","embeddable":true,"href":"https:\/\/kleinstadtfaktor.de\/shop\/wp-json\/wp\/v2\/product_cat?post=133"},{"taxonomy":"product_tag","embeddable":true,"href":"https:\/\/kleinstadtfaktor.de\/shop\/wp-json\/wp\/v2\/product_tag?post=133"}],"curies":[{"name":"wp","href":"https:\/\/api.w.org\/{rel}","templated":true}]}}