{"id":131,"date":"2025-09-23T11:19:00","date_gmt":"2025-09-23T09:19:00","guid":{"rendered":"https:\/\/kleinstadtfaktor.de\/shop\/?page_id=131"},"modified":"2025-10-07T11:26:42","modified_gmt":"2025-10-07T09:26:42","slug":"magazin","status":"publish","type":"page","link":"https:\/\/kleinstadtfaktor.de\/shop\/magazin\/","title":{"rendered":"DER BLOG"},"content":{"rendered":"\n<div class=\"wp-block-query is-layout-flow wp-block-query-is-layout-flow\"><ul class=\"wp-block-post-template is-layout-flow wp-block-post-template-is-layout-flow\"><li class=\"wp-block-post post-246 post type-post status-publish format-standard has-post-thumbnail hentry category-blog category-konstruktive-kritik\">\n<h2 style=\"padding-top:0;padding-bottom:0;\" class=\"wp-block-post-title\"><a href=\"https:\/\/kleinstadtfaktor.de\/shop\/die-haustierfarm-im-leipziger-wildpark\/\" target=\"_self\" >Die Haustierfarm im Leipziger Wildpark<\/a><\/h2>\n\n<div style=\"margin-top:0;margin-bottom:var(--wp--preset--spacing--40);\" class=\"wp-block-post-date\"><time datetime=\"2025-10-07T11:21:02+02:00\">7. Oktober 2025<\/time><\/div>\n\n<figure class=\"alignwide wp-block-post-featured-image\"><a href=\"https:\/\/kleinstadtfaktor.de\/shop\/die-haustierfarm-im-leipziger-wildpark\/\" target=\"_self\"  ><img loading=\"lazy\" decoding=\"async\" width=\"1000\" height=\"1000\" src=\"https:\/\/kleinstadtfaktor.de\/shop\/wp-content\/uploads\/2025\/10\/KONSTRUKTIVE_KRITIK_TITEL.jpg\" class=\"attachment-post-thumbnail size-post-thumbnail wp-post-image\" alt=\"Die Haustierfarm im Leipziger Wildpark\" style=\"object-fit:cover;\" srcset=\"https:\/\/kleinstadtfaktor.de\/shop\/wp-content\/uploads\/2025\/10\/KONSTRUKTIVE_KRITIK_TITEL.jpg 1000w, https:\/\/kleinstadtfaktor.de\/shop\/wp-content\/uploads\/2025\/10\/KONSTRUKTIVE_KRITIK_TITEL-300x300.jpg 300w, https:\/\/kleinstadtfaktor.de\/shop\/wp-content\/uploads\/2025\/10\/KONSTRUKTIVE_KRITIK_TITEL-150x150.jpg 150w, https:\/\/kleinstadtfaktor.de\/shop\/wp-content\/uploads\/2025\/10\/KONSTRUKTIVE_KRITIK_TITEL-768x768.jpg 768w, https:\/\/kleinstadtfaktor.de\/shop\/wp-content\/uploads\/2025\/10\/KONSTRUKTIVE_KRITIK_TITEL-450x450.jpg 450w, https:\/\/kleinstadtfaktor.de\/shop\/wp-content\/uploads\/2025\/10\/KONSTRUKTIVE_KRITIK_TITEL-600x600.jpg 600w, https:\/\/kleinstadtfaktor.de\/shop\/wp-content\/uploads\/2025\/10\/KONSTRUKTIVE_KRITIK_TITEL-100x100.jpg 100w\" sizes=\"auto, (max-width: 1000px) 100vw, 1000px\" \/><\/a><\/figure>\n\n<div class=\"wp-block-post-excerpt\"><p class=\"wp-block-post-excerpt__excerpt\">Es geht uns allen so: Als Gestalter:innen sehen wir t\u00e4glich Dinge, die uns stutzen lassen. Warum ist die Typo so unausgeglichen? Wo bleibt der Wei\u00dfraum? Warum diese Informationsflut? Oder umgekehrt: Wo finde ich denn die wichtigen Informationen? Doch statt nur zu meckern, wird es hier und jetzt konkret. In dieser Rubrik nehme ich mir (un-)regelm\u00e4\u00dfig<\/p><p class=\"wp-block-post-excerpt__more-text\"><a class=\"wp-block-post-excerpt__more-link\" href=\"https:\/\/kleinstadtfaktor.de\/shop\/die-haustierfarm-im-leipziger-wildpark\/\">Weiterlesen&#8230;<\/a><\/p><\/div>\n\n\n<hr class=\"wp-block-separator has-css-opacity\"\/>\n\n<\/li><li class=\"wp-block-post post-171 post type-post status-publish format-standard has-post-thumbnail hentry category-blog category-geschichte category-typographie tag-fonts tag-geschichte tag-impact tag-klf tag-kult tag-schrift tag-the-klf tag-typographie\">\n<h2 style=\"padding-top:0;padding-bottom:0;\" class=\"wp-block-post-title\"><a href=\"https:\/\/kleinstadtfaktor.de\/shop\/ein-font-mit-impact\/\" target=\"_self\" >Ein Font mit &#8222;IMPACT&#8220;<\/a><\/h2>\n\n<div style=\"margin-top:0;margin-bottom:var(--wp--preset--spacing--40);\" class=\"wp-block-post-date\"><time datetime=\"2025-09-24T14:58:22+02:00\">24. September 2025<\/time><\/div>\n\n<figure class=\"alignwide wp-block-post-featured-image\"><a href=\"https:\/\/kleinstadtfaktor.de\/shop\/ein-font-mit-impact\/\" target=\"_self\"  ><img loading=\"lazy\" decoding=\"async\" width=\"699\" height=\"699\" src=\"https:\/\/kleinstadtfaktor.de\/shop\/wp-content\/uploads\/2025\/09\/TITEL_imact.jpg\" class=\"attachment-post-thumbnail size-post-thumbnail wp-post-image\" alt=\"Ein Font mit &#8222;IMPACT&#8220;\" style=\"object-fit:cover;\" srcset=\"https:\/\/kleinstadtfaktor.de\/shop\/wp-content\/uploads\/2025\/09\/TITEL_imact.jpg 699w, https:\/\/kleinstadtfaktor.de\/shop\/wp-content\/uploads\/2025\/09\/TITEL_imact-300x300.jpg 300w, https:\/\/kleinstadtfaktor.de\/shop\/wp-content\/uploads\/2025\/09\/TITEL_imact-150x150.jpg 150w, https:\/\/kleinstadtfaktor.de\/shop\/wp-content\/uploads\/2025\/09\/TITEL_imact-450x450.jpg 450w, https:\/\/kleinstadtfaktor.de\/shop\/wp-content\/uploads\/2025\/09\/TITEL_imact-600x600.jpg 600w, https:\/\/kleinstadtfaktor.de\/shop\/wp-content\/uploads\/2025\/09\/TITEL_imact-100x100.jpg 100w\" sizes=\"auto, (max-width: 699px) 100vw, 699px\" \/><\/a><\/figure>\n\n<div class=\"wp-block-post-excerpt\"><p class=\"wp-block-post-excerpt__excerpt\">Es gibt Schriften, die sind wie alte Freunde: Man sieht sie \u00fcberall, aber erst wenn man genauer hinschaut, merkt man, wie viel Geschichte und Charakter dahintersteckt. Impact ist so eine Schrift. Die meisten kennen sie als den fetten, quietschbunten Text auf Internet-Memes oder als den Typo-Klassiker, der seit Windows 98 auf jedem Rechner schlummert. Doch<\/p><p class=\"wp-block-post-excerpt__more-text\"><a class=\"wp-block-post-excerpt__more-link\" href=\"https:\/\/kleinstadtfaktor.de\/shop\/ein-font-mit-impact\/\">Weiterlesen&#8230;<\/a><\/p><\/div>\n\n\n<hr class=\"wp-block-separator has-css-opacity\"\/>\n\n<\/li><li class=\"wp-block-post post-139 post type-post status-publish format-standard has-post-thumbnail hentry category-blog\">\n<h2 style=\"padding-top:0;padding-bottom:0;\" class=\"wp-block-post-title\"><a href=\"https:\/\/kleinstadtfaktor.de\/shop\/aggressiv-positiv\/\" target=\"_self\" >aggressiv positiv \u00b425 \u2013 Zeit f\u00fcr klare Kante!<\/a><\/h2>\n\n<div style=\"margin-top:0;margin-bottom:var(--wp--preset--spacing--40);\" class=\"wp-block-post-date\"><time datetime=\"2025-09-23T12:03:18+02:00\">23. September 2025<\/time><\/div>\n\n<figure class=\"alignwide wp-block-post-featured-image\"><a href=\"https:\/\/kleinstadtfaktor.de\/shop\/aggressiv-positiv\/\" target=\"_self\"  ><img loading=\"lazy\" decoding=\"async\" width=\"2560\" height=\"2560\" src=\"https:\/\/kleinstadtfaktor.de\/shop\/wp-content\/uploads\/2025\/09\/TEASER_WEBSITE-scaled.jpg\" class=\"attachment-post-thumbnail size-post-thumbnail wp-post-image\" alt=\"aggressiv positiv \u00b425 \u2013 Zeit f\u00fcr klare Kante!\" style=\"object-fit:cover;\" srcset=\"https:\/\/kleinstadtfaktor.de\/shop\/wp-content\/uploads\/2025\/09\/TEASER_WEBSITE-scaled.jpg 2560w, https:\/\/kleinstadtfaktor.de\/shop\/wp-content\/uploads\/2025\/09\/TEASER_WEBSITE-300x300.jpg 300w, https:\/\/kleinstadtfaktor.de\/shop\/wp-content\/uploads\/2025\/09\/TEASER_WEBSITE-1024x1024.jpg 1024w, https:\/\/kleinstadtfaktor.de\/shop\/wp-content\/uploads\/2025\/09\/TEASER_WEBSITE-150x150.jpg 150w, https:\/\/kleinstadtfaktor.de\/shop\/wp-content\/uploads\/2025\/09\/TEASER_WEBSITE-768x768.jpg 768w, https:\/\/kleinstadtfaktor.de\/shop\/wp-content\/uploads\/2025\/09\/TEASER_WEBSITE-1536x1536.jpg 1536w, https:\/\/kleinstadtfaktor.de\/shop\/wp-content\/uploads\/2025\/09\/TEASER_WEBSITE-2048x2048.jpg 2048w, https:\/\/kleinstadtfaktor.de\/shop\/wp-content\/uploads\/2025\/09\/TEASER_WEBSITE-450x450.jpg 450w, https:\/\/kleinstadtfaktor.de\/shop\/wp-content\/uploads\/2025\/09\/TEASER_WEBSITE-600x600.jpg 600w, https:\/\/kleinstadtfaktor.de\/shop\/wp-content\/uploads\/2025\/09\/TEASER_WEBSITE-100x100.jpg 100w\" sizes=\"auto, (max-width: 2560px) 100vw, 2560px\" \/><\/a><\/figure>\n\n<div class=\"wp-block-post-excerpt\"><p class=\"wp-block-post-excerpt__excerpt\">Es ist Zeit f\u00fcr klare Ansagen. Nicht mehr dieses sanfte \u201eAlles wird gut\u201c-Gefl\u00fcster, das sich in Wellness-Spr\u00fcchen und Pastellfarben verliert. Sondern Positivit\u00e4t, die bei\u00dft. Die wachr\u00fcttelt. Die mit der Latte winkt und sagt: \u201eJetzt rei\u00df dich zusammen \u2013 aber auf die coole Art.\u201c Genau das ist der Spirit meines aktuellen Zyklus \u201eaggressiv, positiv \u00b425\u201c \u2013<\/p><p class=\"wp-block-post-excerpt__more-text\"><a class=\"wp-block-post-excerpt__more-link\" href=\"https:\/\/kleinstadtfaktor.de\/shop\/aggressiv-positiv\/\">Weiterlesen&#8230;<\/a><\/p><\/div>\n\n\n<hr class=\"wp-block-separator has-css-opacity\"\/>\n\n<\/li><li class=\"wp-block-post post-1 post type-post status-publish format-standard has-post-thumbnail hentry category-blog category-laba tag-black-river-coffee tag-dresden tag-goerlitz tag-grafik tag-kaffee tag-laba tag-typographie\">\n<h2 style=\"padding-top:0;padding-bottom:0;\" class=\"wp-block-post-title\"><a href=\"https:\/\/kleinstadtfaktor.de\/shop\/richtig-guter-kaffee\/\" target=\"_self\" >Richtig guter Kaffee!<\/a><\/h2>\n\n<div style=\"margin-top:0;margin-bottom:var(--wp--preset--spacing--40);\" class=\"wp-block-post-date\"><time datetime=\"2025-06-11T15:49:46+02:00\">11. Juni 2025<\/time><\/div>\n\n<figure class=\"alignwide wp-block-post-featured-image\"><a href=\"https:\/\/kleinstadtfaktor.de\/shop\/richtig-guter-kaffee\/\" target=\"_self\"  ><img loading=\"lazy\" decoding=\"async\" width=\"1200\" height=\"1200\" src=\"https:\/\/kleinstadtfaktor.de\/shop\/wp-content\/uploads\/2025\/06\/KAFFEE_01.jpg\" class=\"attachment-post-thumbnail size-post-thumbnail wp-post-image\" alt=\"Richtig guter Kaffee!\" style=\"object-fit:cover;\" srcset=\"https:\/\/kleinstadtfaktor.de\/shop\/wp-content\/uploads\/2025\/06\/KAFFEE_01.jpg 1200w, https:\/\/kleinstadtfaktor.de\/shop\/wp-content\/uploads\/2025\/06\/KAFFEE_01-300x300.jpg 300w, https:\/\/kleinstadtfaktor.de\/shop\/wp-content\/uploads\/2025\/06\/KAFFEE_01-1024x1024.jpg 1024w, https:\/\/kleinstadtfaktor.de\/shop\/wp-content\/uploads\/2025\/06\/KAFFEE_01-150x150.jpg 150w, https:\/\/kleinstadtfaktor.de\/shop\/wp-content\/uploads\/2025\/06\/KAFFEE_01-768x768.jpg 768w, https:\/\/kleinstadtfaktor.de\/shop\/wp-content\/uploads\/2025\/06\/KAFFEE_01-450x450.jpg 450w, https:\/\/kleinstadtfaktor.de\/shop\/wp-content\/uploads\/2025\/06\/KAFFEE_01-600x600.jpg 600w, https:\/\/kleinstadtfaktor.de\/shop\/wp-content\/uploads\/2025\/06\/KAFFEE_01-100x100.jpg 100w\" sizes=\"auto, (max-width: 1200px) 100vw, 1200px\" \/><\/a><\/figure>\n\n<div class=\"wp-block-post-excerpt\"><p class=\"wp-block-post-excerpt__excerpt\">Das die Produkte von LABA gut sind muss nicht mehr gesagt werden. Gute Qualit\u00e4t, gute Motive (immer mit Bedeutung und regionalem Bezug) und von jedem eingenommenen Taler geht eine Spende an gemeinn\u00fctzige Vereine \u2013&nbsp;eine rundherum gute Sache also. Jetzt wird die Sache aber richtig fetzig, denn der LABA-eigene Kaffee steht in den Startl\u00f6chern. Und weil<\/p><p class=\"wp-block-post-excerpt__more-text\"><a class=\"wp-block-post-excerpt__more-link\" href=\"https:\/\/kleinstadtfaktor.de\/shop\/richtig-guter-kaffee\/\">Weiterlesen&#8230;<\/a><\/p><\/div>\n\n\n<hr class=\"wp-block-separator has-css-opacity\"\/>\n\n<\/li><\/ul><\/div>\n\n\n\n<p><\/p>\n","protected":false},"excerpt":{"rendered":"","protected":false},"author":1,"featured_media":0,"parent":0,"menu_order":2,"comment_status":"closed","ping_status":"closed","template":"","meta":{"footnotes":""},"class_list":["post-131","page","type-page","status-publish","hentry"],"_links":{"self":[{"href":"https:\/\/kleinstadtfaktor.de\/shop\/wp-json\/wp\/v2\/pages\/131","targetHints":{"allow":["GET"]}}],"collection":[{"href":"https:\/\/kleinstadtfaktor.de\/shop\/wp-json\/wp\/v2\/pages"}],"about":[{"href":"https:\/\/kleinstadtfaktor.de\/shop\/wp-json\/wp\/v2\/types\/page"}],"author":[{"embeddable":true,"href":"https:\/\/kleinstadtfaktor.de\/shop\/wp-json\/wp\/v2\/users\/1"}],"replies":[{"embeddable":true,"href":"https:\/\/kleinstadtfaktor.de\/shop\/wp-json\/wp\/v2\/comments?post=131"}],"version-history":[{"count":7,"href":"https:\/\/kleinstadtfaktor.de\/shop\/wp-json\/wp\/v2\/pages\/131\/revisions"}],"predecessor-version":[{"id":265,"href":"https:\/\/kleinstadtfaktor.de\/shop\/wp-json\/wp\/v2\/pages\/131\/revisions\/265"}],"wp:attachment":[{"href":"https:\/\/kleinstadtfaktor.de\/shop\/wp-json\/wp\/v2\/media?parent=131"}],"curies":[{"name":"wp","href":"https:\/\/api.w.org\/{rel}","templated":true}]}}